{"id":140,"date":"2016-02-22T11:24:57","date_gmt":"2016-02-22T10:24:57","guid":{"rendered":"http:\/\/www.oumt.sk\/?page_id=140"},"modified":"2016-02-22T11:24:57","modified_gmt":"2016-02-22T10:24:57","slug":"skvp","status":"publish","type":"page","link":"http:\/\/www.oumt.sk\/?page_id=140","title":{"rendered":"\u0160kVP"},"content":{"rendered":"<p><a href=\"http:\/\/www.oumt.sk\/wp-content\/uploads\/2016\/02\/R\u00c1MCOV\u00dd-U\u010cEBN\u00dd-PL\u00c1N.pdf\" rel=\"\">R\u00c1MCOV\u00dd U\u010cEBN\u00dd PL\u00c1N<\/a><\/p>\n<p><a href=\"http:\/\/www.oumt.sk\/wp-content\/uploads\/2016\/02\/Charakteristika-\u0160kVP.pdf\" rel=\"\">Charakteristika \u0160kVP<\/a><\/p>\n<p><a href=\"http:\/\/www.oumt.sk\/wp-content\/uploads\/2016\/02\/Etick\u00e1-v\u00fdchova.pdf\" rel=\"\">Etick\u00e1 v\u00fdchova<\/a><\/p>\n<p><a href=\"http:\/\/www.oumt.sk\/wp-content\/uploads\/2016\/02\/Komunik\u00e1cia-.pdf\" rel=\"\">Komunik\u00e1cia<\/a><\/p>\n<p><a href=\"http:\/\/www.oumt.sk\/wp-content\/uploads\/2016\/02\/Matematika.pdf\" rel=\"\">Matematika<\/a><\/p>\n<p><a href=\"http:\/\/www.oumt.sk\/wp-content\/uploads\/2016\/02\/Ob\u010dianska-n\u00e1uka.pdf\" rel=\"\">Ob\u010dianska n\u00e1uka<\/a><\/p>\n<p><a href=\"http:\/\/www.oumt.sk\/wp-content\/uploads\/2016\/02\/Odborn\u00fd-v\u00fdcvik-1.ro\u010dn\u00edk-nov\u00fd.pdf\" rel=\"\">Odborn\u00fd v\u00fdcvik 1.ro\u010dn\u00edk &#8211; nov\u00fd<\/a><\/p>\n<p><a href=\"http:\/\/www.oumt.sk\/wp-content\/uploads\/2016\/02\/Odborn\u00fd-v\u00fdcvik-2.ro\u010dn\u00edk-nov\u00fd.pdf\" rel=\"\">Odborn\u00fd v\u00fdcvik 2.ro\u010dn\u00edk &#8211; nov\u00fd<\/a><\/p>\n<p><a href=\"http:\/\/www.oumt.sk\/wp-content\/uploads\/2016\/02\/Odborn\u00fd-v\u00fdcvik-3.ro\u010dn\u00edk.pdf\" rel=\"\">Odborn\u00fd v\u00fdcvik 3.ro\u010dn\u00edk<\/a><\/p>\n<p><a href=\"http:\/\/www.oumt.sk\/wp-content\/uploads\/2016\/02\/Zariadenie-z\u00e1vodov.pdf\" rel=\"\">Zariadenie z\u00e1vodov<\/a><\/p>\n<p><a href=\"http:\/\/www.oumt.sk\/wp-content\/uploads\/2016\/02\/Potraviny-a-v\u00fd\u017eiva.pdf\" rel=\"\">Potraviny a v\u00fd\u017eiva<\/a><\/p>\n<p><a href=\"http:\/\/www.oumt.sk\/wp-content\/uploads\/2016\/02\/Slovensk\u00fd-jazyk-a-literat\u00fara.pdf\" rel=\"\">Slovensk\u00fd jazyk a literat\u00fara<\/a><\/p>\n<p><a href=\"http:\/\/www.oumt.sk\/wp-content\/uploads\/2016\/02\/Stolovanie-1.ro\u010dn\u00edk.pdf\" rel=\"\">Stolovanie 1.ro\u010dn\u00edk<\/a><\/p>\n<p><a href=\"http:\/\/www.oumt.sk\/wp-content\/uploads\/2016\/02\/\u00davod-do-sveta-pr\u00e1ce.pdf\" rel=\"\">\u00davod do sveta pr\u00e1ce<\/a><\/p>\n<p><a href=\"http:\/\/www.oumt.sk\/wp-content\/uploads\/2016\/02\/Telesn\u00e1-a-\u0161portov\u00e1-v\u00fdchova.pdf\" rel=\"\">Telesn\u00e1 a \u0161portov\u00e1 v\u00fdchova<\/a><\/p>\n<p><a href=\"http:\/\/www.oumt.sk\/wp-content\/uploads\/2016\/02\/Technol\u00f3gia-1.ro\u010dn\u00edk.pdf\" rel=\"\">Technol\u00f3gia 1.ro\u010dn\u00edk<\/a><\/p>\n<p><a href=\"http:\/\/www.oumt.sk\/wp-content\/uploads\/2016\/02\/Technol\u00f3gia-2.ro\u010dn\u00edk.pdf\" rel=\"\">Technol\u00f3gia 2.ro\u010dn\u00edk<\/a><\/p>\n<p><a href=\"http:\/\/www.oumt.sk\/wp-content\/uploads\/2016\/02\/Technol\u00f3gia-3.ro\u010dn\u00edk.pdf\" rel=\"\">Technol\u00f3gia 3.ro\u010dn\u00edk<\/a><\/p>\n<p><a href=\"http:\/\/www.oumt.sk\/wp-content\/uploads\/2016\/02\/Technol\u00f3gia-3.ro\u010dn\u00edk-2011.pdf\" rel=\"\">Technol\u00f3gia 3.ro\u010dn\u00edk 2011<\/a><\/p>\n","protected":false},"excerpt":{"rendered":"<p>R\u00c1MCOV\u00dd U\u010cEBN\u00dd PL\u00c1N Charakteristika \u0160kVP Etick\u00e1 v\u00fdchova Komunik\u00e1cia Matematika Ob\u010dianska n\u00e1uka Odborn\u00fd v\u00fdcvik 1.ro\u010dn\u00edk &#8211; nov\u00fd Odborn\u00fd v\u00fdcvik 2.ro\u010dn\u00edk &#8211; nov\u00fd Odborn\u00fd v\u00fdcvik 3.ro\u010dn\u00edk Zariadenie z\u00e1vodov Potraviny a v\u00fd\u017eiva Slovensk\u00fd jazyk a literat\u00fara Stolovanie 1.ro\u010dn\u00edk \u00davod do sveta pr\u00e1ce Telesn\u00e1 &hellip; <a href=\"http:\/\/www.oumt.sk\/?page_id=140\">Pokra\u010dova\u0165 v \u010d\u00edtan\u00ed <span class=\"meta-nav\">&rarr;<\/span><\/a><\/p>\n","protected":false},"author":1,"featured_media":0,"parent":0,"menu_order":0,"comment_status":"closed","ping_status":"closed","template":"","meta":{"footnotes":""},"class_list":["post-140","page","type-page","status-publish","hentry"],"_links":{"self":[{"href":"http:\/\/www.oumt.sk\/index.php?rest_route=\/wp\/v2\/pages\/140","targetHints":{"allow":["GET"]}}],"collection":[{"href":"http:\/\/www.oumt.sk\/index.php?rest_route=\/wp\/v2\/pages"}],"about":[{"href":"http:\/\/www.oumt.sk\/index.php?rest_route=\/wp\/v2\/types\/page"}],"author":[{"embeddable":true,"href":"http:\/\/www.oumt.sk\/index.php?rest_route=\/wp\/v2\/users\/1"}],"replies":[{"embeddable":true,"href":"http:\/\/www.oumt.sk\/index.php?rest_route=%2Fwp%2Fv2%2Fcomments&post=140"}],"version-history":[{"count":2,"href":"http:\/\/www.oumt.sk\/index.php?rest_route=\/wp\/v2\/pages\/140\/revisions"}],"predecessor-version":[{"id":211,"href":"http:\/\/www.oumt.sk\/index.php?rest_route=\/wp\/v2\/pages\/140\/revisions\/211"}],"wp:attachment":[{"href":"http:\/\/www.oumt.sk\/index.php?rest_route=%2Fwp%2Fv2%2Fmedia&parent=140"}],"curies":[{"name":"wp","href":"https:\/\/api.w.org\/{rel}","templated":true}]}}