{"id":610,"date":"2020-03-25T14:11:58","date_gmt":"2020-03-25T13:11:58","guid":{"rendered":"http:\/\/www.oumt.sk\/?page_id=610"},"modified":"2020-12-13T19:04:08","modified_gmt":"2020-12-13T18:04:08","slug":"1-rocnik","status":"publish","type":"page","link":"http:\/\/www.oumt.sk\/?page_id=610","title":{"rendered":"1.ro\u010dn\u00edk"},"content":{"rendered":"<p><a href=\"http:\/\/www.oumt.sk\/?page_id=1103\">Slovensk\u00fd jazyk a literat\u00fara<\/a><\/p>\n<p><a href=\"http:\/\/www.oumt.sk\/?page_id=795\">Ob\u010dianska n\u00e1uka<\/a><\/p>\n\n\n<p><a href=\"http:\/\/www.oumt.sk\/?page_id=677(otv\u00e1ra sa na novej karte)\">Matematika<\/a><\/p>\n\n\n<p><a href=\"http:\/\/www.oumt.sk\/?page_id=722\">Potraviny a v\u00fd\u017eiva<\/a><\/p>\n<p><a href=\"http:\/\/www.oumt.sk\/?page_id=703\">Stolovanie<\/a><\/p>\n<p><a href=\"http:\/\/www.oumt.sk\/?page_id=983\">Odborn\u00fd v\u00fdcvik<\/a><\/p>\n\n\n<p><a href=\"http:\/\/www.oumt.sk\/?page_id=767\">Telesn\u00e1 a \u0161portov\u00e1 v\u00fdchova<\/a><\/p>\n\n\n\n<p><a href=\"http:\/\/www.oumt.sk\/?page_id=710\">Technol\u00f3gia<\/a><\/p>\n","protected":false},"excerpt":{"rendered":"<p>Slovensk\u00fd jazyk a literat\u00fara Ob\u010dianska n\u00e1uka Matematika Potraviny a v\u00fd\u017eiva Stolovanie Odborn\u00fd v\u00fdcvik Telesn\u00e1 a \u0161portov\u00e1 v\u00fdchova Technol\u00f3gia<\/p>\n","protected":false},"author":1,"featured_media":0,"parent":0,"menu_order":0,"comment_status":"closed","ping_status":"closed","template":"","meta":{"footnotes":""},"class_list":["post-610","page","type-page","status-publish","hentry"],"_links":{"self":[{"href":"http:\/\/www.oumt.sk\/index.php?rest_route=\/wp\/v2\/pages\/610","targetHints":{"allow":["GET"]}}],"collection":[{"href":"http:\/\/www.oumt.sk\/index.php?rest_route=\/wp\/v2\/pages"}],"about":[{"href":"http:\/\/www.oumt.sk\/index.php?rest_route=\/wp\/v2\/types\/page"}],"author":[{"embeddable":true,"href":"http:\/\/www.oumt.sk\/index.php?rest_route=\/wp\/v2\/users\/1"}],"replies":[{"embeddable":true,"href":"http:\/\/www.oumt.sk\/index.php?rest_route=%2Fwp%2Fv2%2Fcomments&post=610"}],"version-history":[{"count":19,"href":"http:\/\/www.oumt.sk\/index.php?rest_route=\/wp\/v2\/pages\/610\/revisions"}],"predecessor-version":[{"id":1105,"href":"http:\/\/www.oumt.sk\/index.php?rest_route=\/wp\/v2\/pages\/610\/revisions\/1105"}],"wp:attachment":[{"href":"http:\/\/www.oumt.sk\/index.php?rest_route=%2Fwp%2Fv2%2Fmedia&parent=610"}],"curies":[{"name":"wp","href":"https:\/\/api.w.org\/{rel}","templated":true}]}}