{"id":614,"date":"2020-03-25T14:17:17","date_gmt":"2020-03-25T13:17:17","guid":{"rendered":"http:\/\/www.oumt.sk\/?page_id=614"},"modified":"2020-12-13T19:05:27","modified_gmt":"2020-12-13T18:05:27","slug":"2-rocnik","status":"publish","type":"page","link":"http:\/\/www.oumt.sk\/?page_id=614","title":{"rendered":"2.ro\u010dn\u00edk"},"content":{"rendered":"<p><a href=\"http:\/\/www.oumt.sk\/?page_id=1106\">Slovensk\u00fd jazyk a literat\u00fara<\/a><\/p>\n<p><a href=\"http:\/\/www.oumt.sk\/?page_id=807\">Ob\u010dianska n\u00e1uka<\/a><\/p>\n<p><a href=\"http:\/\/www.oumt.sk\/?page_id=686\">Matematika<\/a><\/p>\n<p><a href=\"http:\/\/www.oumt.sk\/?page_id=732\">Potraviny a v\u00fd\u017eiva<\/a><\/p>\n<p><a href=\"http:\/\/www.oumt.sk\/?page_id=960\">Komunik\u00e1cia<\/a><\/p>\n<p><a href=\"http:\/\/www.oumt.sk\/?page_id=781\">Zariadenie z\u00e1vodov<\/a><\/p>\n<p><a href=\"http:\/\/www.oumt.sk\/?page_id=696\">Technol\u00f3gia<\/a><\/p>\n\n\n<p><a href=\"http:\/\/www.oumt.sk\/?page_id=767\">Telesn\u00e1 a \u0161portov\u00e1 v\u00fdchova<\/a><\/p>\n\n\n\n<p><a href=\"http:\/\/www.oumt.sk\/?page_id=986\">Odborn\u00fd v\u00fdcvik<\/a><\/p>\n","protected":false},"excerpt":{"rendered":"<p>Slovensk\u00fd jazyk a literat\u00fara Ob\u010dianska n\u00e1uka Matematika Potraviny a v\u00fd\u017eiva Komunik\u00e1cia Zariadenie z\u00e1vodov Technol\u00f3gia Telesn\u00e1 a \u0161portov\u00e1 v\u00fdchova Odborn\u00fd v\u00fdcvik<\/p>\n","protected":false},"author":1,"featured_media":0,"parent":0,"menu_order":0,"comment_status":"closed","ping_status":"closed","template":"","meta":{"footnotes":""},"class_list":["post-614","page","type-page","status-publish","hentry"],"_links":{"self":[{"href":"http:\/\/www.oumt.sk\/index.php?rest_route=\/wp\/v2\/pages\/614","targetHints":{"allow":["GET"]}}],"collection":[{"href":"http:\/\/www.oumt.sk\/index.php?rest_route=\/wp\/v2\/pages"}],"about":[{"href":"http:\/\/www.oumt.sk\/index.php?rest_route=\/wp\/v2\/types\/page"}],"author":[{"embeddable":true,"href":"http:\/\/www.oumt.sk\/index.php?rest_route=\/wp\/v2\/users\/1"}],"replies":[{"embeddable":true,"href":"http:\/\/www.oumt.sk\/index.php?rest_route=%2Fwp%2Fv2%2Fcomments&post=614"}],"version-history":[{"count":24,"href":"http:\/\/www.oumt.sk\/index.php?rest_route=\/wp\/v2\/pages\/614\/revisions"}],"predecessor-version":[{"id":1108,"href":"http:\/\/www.oumt.sk\/index.php?rest_route=\/wp\/v2\/pages\/614\/revisions\/1108"}],"wp:attachment":[{"href":"http:\/\/www.oumt.sk\/index.php?rest_route=%2Fwp%2Fv2%2Fmedia&parent=614"}],"curies":[{"name":"wp","href":"https:\/\/api.w.org\/{rel}","templated":true}]}}