{"id":677,"date":"2020-04-21T19:34:48","date_gmt":"2020-04-21T18:34:48","guid":{"rendered":"http:\/\/www.oumt.sk\/?page_id=677"},"modified":"2021-05-30T19:32:14","modified_gmt":"2021-05-30T18:32:14","slug":"od-20-4-2020","status":"publish","type":"page","link":"http:\/\/www.oumt.sk\/?page_id=677","title":{"rendered":"Matematika I.PJ"},"content":{"rendered":"\n<p><a href=\"http:\/\/www.oumt.sk\/wp-content\/uploads\/2020\/10\/PJ-DU1-MAT.pdf\">od 19.10.2020<\/a><\/p>\n\n\n\n<p><a href=\"http:\/\/www.oumt.sk\/wp-content\/uploads\/2020\/10\/PJ-DU-2-MAT.pdf\">od 26.10.2020<\/a><\/p>\n\n\n\n<p><a href=\"http:\/\/www.oumt.sk\/wp-content\/uploads\/2020\/11\/1.-PJ-DU-3-MAT.pdf\">november 2020<\/a><\/p>\n\n\n\n<p class=\"has-text-color\" style=\"color:#d21417\"><a href=\"http:\/\/www.oumt.sk\/wp-content\/uploads\/2020\/12\/Priama-umernost-cez-jednotku-prazdniny.pdf\">PR\u00c1ZDNINY<\/a><\/p>\n\n\n\n<p><a href=\"http:\/\/www.oumt.sk\/wp-content\/uploads\/2021\/01\/MAT-OU-januar-2021.pdf\">od 11.1.2021<\/a><\/p>\n\n\n\n<p><a href=\"http:\/\/www.oumt.sk\/wp-content\/uploads\/2021\/01\/MAT-Zlomky-28.1..pdf\">od 27.1.2021<\/a><\/p>\n\n\n\n<p><a href=\"http:\/\/www.oumt.sk\/wp-content\/uploads\/2021\/02\/MAT-Normovanie.pdf\">od 12.2.2021<\/a><\/p>\n\n\n\n<p><a href=\"http:\/\/www.oumt.sk\/wp-content\/uploads\/2021\/03\/Pracovny-list-Ako-pocitame-v-obchode.pdf\">od 7.3.2021<\/a> &#8211; vyrie\u0161en\u00e9 \u00falohy po\u0161lite do 28.3.2021 na adresu: slavka.bartosova@gmail.com<\/p>\n\n\n\n<p><a href=\"http:\/\/www.oumt.sk\/wp-content\/uploads\/2021\/04\/1-Funkcie-a-grafy.pdf\">od 13.4.2021<\/a><\/p>\n","protected":false},"excerpt":{"rendered":"<p>od 19.10.2020 od 26.10.2020 november 2020 PR\u00c1ZDNINY od 11.1.2021 od 27.1.2021 od 12.2.2021 od 7.3.2021 &#8211; vyrie\u0161en\u00e9 \u00falohy po\u0161lite do 28.3.2021 na adresu: slavka.bartosova@gmail.com od 13.4.2021<\/p>\n","protected":false},"author":1,"featured_media":0,"parent":0,"menu_order":0,"comment_status":"closed","ping_status":"closed","template":"","meta":{"footnotes":""},"class_list":["post-677","page","type-page","status-publish","hentry"],"_links":{"self":[{"href":"http:\/\/www.oumt.sk\/index.php?rest_route=\/wp\/v2\/pages\/677","targetHints":{"allow":["GET"]}}],"collection":[{"href":"http:\/\/www.oumt.sk\/index.php?rest_route=\/wp\/v2\/pages"}],"about":[{"href":"http:\/\/www.oumt.sk\/index.php?rest_route=\/wp\/v2\/types\/page"}],"author":[{"embeddable":true,"href":"http:\/\/www.oumt.sk\/index.php?rest_route=\/wp\/v2\/users\/1"}],"replies":[{"embeddable":true,"href":"http:\/\/www.oumt.sk\/index.php?rest_route=%2Fwp%2Fv2%2Fcomments&post=677"}],"version-history":[{"count":22,"href":"http:\/\/www.oumt.sk\/index.php?rest_route=\/wp\/v2\/pages\/677\/revisions"}],"predecessor-version":[{"id":1557,"href":"http:\/\/www.oumt.sk\/index.php?rest_route=\/wp\/v2\/pages\/677\/revisions\/1557"}],"wp:attachment":[{"href":"http:\/\/www.oumt.sk\/index.php?rest_route=%2Fwp%2Fv2%2Fmedia&parent=677"}],"curies":[{"name":"wp","href":"https:\/\/api.w.org\/{rel}","templated":true}]}}