{"id":722,"date":"2020-04-21T20:15:48","date_gmt":"2020-04-21T19:15:48","guid":{"rendered":"http:\/\/www.oumt.sk\/?page_id=722"},"modified":"2021-05-30T19:31:42","modified_gmt":"2021-05-30T18:31:42","slug":"potraviny-a-vyziva-i-pj","status":"publish","type":"page","link":"http:\/\/www.oumt.sk\/?page_id=722","title":{"rendered":"Potraviny a v\u00fd\u017eiva I.PJ"},"content":{"rendered":"\n<p><a href=\"http:\/\/www.oumt.sk\/wp-content\/uploads\/2020\/10\/Potraviny-I.PJ_.pdf\">Potraviny<\/a><\/p>\n\n\n\n<p><a href=\"http:\/\/www.oumt.sk\/wp-content\/uploads\/2020\/10\/Hodnota-potrav\u00edn-I.PJ_.pdf\">Hodnota potrav\u00edn<\/a><\/p>\n\n\n\n<p><a href=\"http:\/\/www.oumt.sk\/wp-content\/uploads\/2020\/10\/OVOCIE-I.PJ_.pdf\">Ovocie<\/a><\/p>\n\n\n\n<p><a href=\"http:\/\/www.oumt.sk\/wp-content\/uploads\/2020\/10\/ZELENINA-I.PJ_.pdf\">Zelenina<\/a><\/p>\n\n\n\n<p><a href=\"http:\/\/www.oumt.sk\/wp-content\/uploads\/2020\/11\/1.PJ-PVY-Test1.pdf\">TEST 1<\/a><\/p>\n\n\n\n<p><a href=\"http:\/\/www.oumt.sk\/wp-content\/uploads\/2020\/11\/1.-PJ-PVY-Test2.pdf\">TEST 2<\/a><\/p>\n\n\n\n<p><a href=\"http:\/\/www.oumt.sk\/wp-content\/uploads\/2020\/12\/Zemiaky.pdf\">Zemiaky<\/a><\/p>\n\n\n\n<p><a href=\"http:\/\/www.oumt.sk\/wp-content\/uploads\/2020\/12\/PVY-Huby.-ppt.pdf\">Huby<\/a><\/p>\n\n\n\n<p><a href=\"http:\/\/www.oumt.sk\/wp-content\/uploads\/2021\/01\/PVY-Obilniny-1.PJ3_.PJ_.pdf\">Obilniny &#8211; od 11.1.2021<\/a><\/p>\n\n\n\n<p><a href=\"http:\/\/www.oumt.sk\/wp-content\/uploads\/2021\/01\/PVY-Strukoviny-1.PJ-3.PJ_.pdf\">Strukoviny &#8211; od 11.1.2021<\/a><\/p>\n\n\n\n<p><a href=\"http:\/\/www.oumt.sk\/wp-content\/uploads\/2021\/02\/PVY-I.PJ-Druhy-obilnin.pdf\">Druhy obiln\u00edn &#8211; od 12.2.2021<\/a><\/p>\n\n\n\n<p><a href=\"http:\/\/www.oumt.sk\/wp-content\/uploads\/2021\/02\/PVY-I.PJ-Mlynske-vyrobky.pdf\">Mlynsk\u00e9 v\u00fdrobky &#8211; od 12.2.2021<\/a><\/p>\n\n\n\n<p><a href=\"http:\/\/www.oumt.sk\/wp-content\/uploads\/2021\/02\/PVY-I.PJ-Pekarske-vyrobky-1.pdf\">Pek\u00e1rske v\u00fdrobky &#8211; od 22.2.2021<\/a><\/p>\n\n\n\n<p><a href=\"http:\/\/www.oumt.sk\/wp-content\/uploads\/2021\/02\/PVY-I.PJ-cestoviny.pdf\">Cestoviny &#8211; od 22.2.2021<\/a><\/p>\n\n\n\n<p><a href=\"http:\/\/www.oumt.sk\/wp-content\/uploads\/2021\/03\/1.PJ-PVY-test-Ovocie.pdf\">test: ovocie &#8211; od 22.3.2021<\/a><\/p>\n\n\n\n<p><a href=\"http:\/\/www.oumt.sk\/wp-content\/uploads\/2021\/03\/I.-PJ-test-zemiaky-strukoviny-obilniny.pdf\">test: zemiaky, strukoviny, obilniny &#8211; od 22.3.2021<\/a><\/p>\n\n\n\n<p><a href=\"http:\/\/www.oumt.sk\/wp-content\/uploads\/2021\/04\/PVY-1.PJ-Koreniny.pdf\">koreniny &#8211; od 13.4.2021<\/a><\/p>\n\n\n\n<p>NOV\u00c9 <a href=\"http:\/\/www.oumt.sk\/wp-content\/uploads\/2021\/05\/POVZBUDIVE-POCHUTINY.pdf\">povzbudiv\u00e9 pochutiny &#8211; od 28.5.2021<\/a><\/p>\n\n\n\n<p>NOV\u00c9 <a href=\"http:\/\/www.oumt.sk\/wp-content\/uploads\/2021\/05\/SLADIDLA.pdf\">sladidl\u00e1 &#8211; od 28.5.2021<\/a><\/p>\n","protected":false},"excerpt":{"rendered":"<p>Potraviny Hodnota potrav\u00edn Ovocie Zelenina TEST 1 TEST 2 Zemiaky Huby Obilniny &#8211; od 11.1.2021 Strukoviny &#8211; od 11.1.2021 Druhy obiln\u00edn &#8211; od 12.2.2021 Mlynsk\u00e9 v\u00fdrobky &#8211; od 12.2.2021 Pek\u00e1rske v\u00fdrobky &#8211; od 22.2.2021 Cestoviny &#8211; od 22.2.2021 test: ovocie &hellip; <a href=\"http:\/\/www.oumt.sk\/?page_id=722\">Pokra\u010dova\u0165 v \u010d\u00edtan\u00ed <span class=\"meta-nav\">&rarr;<\/span><\/a><\/p>\n","protected":false},"author":1,"featured_media":0,"parent":0,"menu_order":0,"comment_status":"closed","ping_status":"closed","template":"","meta":{"footnotes":""},"class_list":["post-722","page","type-page","status-publish","hentry"],"_links":{"self":[{"href":"http:\/\/www.oumt.sk\/index.php?rest_route=\/wp\/v2\/pages\/722","targetHints":{"allow":["GET"]}}],"collection":[{"href":"http:\/\/www.oumt.sk\/index.php?rest_route=\/wp\/v2\/pages"}],"about":[{"href":"http:\/\/www.oumt.sk\/index.php?rest_route=\/wp\/v2\/types\/page"}],"author":[{"embeddable":true,"href":"http:\/\/www.oumt.sk\/index.php?rest_route=\/wp\/v2\/users\/1"}],"replies":[{"embeddable":true,"href":"http:\/\/www.oumt.sk\/index.php?rest_route=%2Fwp%2Fv2%2Fcomments&post=722"}],"version-history":[{"count":31,"href":"http:\/\/www.oumt.sk\/index.php?rest_route=\/wp\/v2\/pages\/722\/revisions"}],"predecessor-version":[{"id":1556,"href":"http:\/\/www.oumt.sk\/index.php?rest_route=\/wp\/v2\/pages\/722\/revisions\/1556"}],"wp:attachment":[{"href":"http:\/\/www.oumt.sk\/index.php?rest_route=%2Fwp%2Fv2%2Fmedia&parent=722"}],"curies":[{"name":"wp","href":"https:\/\/api.w.org\/{rel}","templated":true}]}}