{"id":108,"date":"2016-02-13T08:55:47","date_gmt":"2016-02-13T07:55:47","guid":{"rendered":"http:\/\/www.oumt.sk\/?page_id=108"},"modified":"2021-01-31T18:47:50","modified_gmt":"2021-01-31T17:47:50","slug":"historia-skoly","status":"publish","type":"page","link":"https:\/\/www.oumt.sk\/?page_id=108","title":{"rendered":"Hist\u00f3ria \u0161koly"},"content":{"rendered":"<p style=\"text-align: justify; padding-left: 30px;\"><strong>\u00a0\u00a0\u00a0\u00a0 <em>Odborn\u00e9 u\u010dili\u0161te za\u010dalo svoju \u010dinnos\u0165 v\u00a0\u0161kolskom roku 1990\/1991.<\/em><\/strong> Vzniklo na podnet spolo\u010denskej po\u017eiadavky v na\u0161om meste a jeho okol\u00ed. \u017diaci sa pripravuj\u00fa v trojro\u010dnom u\u010debnom odbore <em>obchodn\u00e1 prev\u00e1dzka- pr\u00e1ca pri pr\u00edprave jed\u00e1l<\/em>. Pr\u00edprava \u017eiakov je zameran\u00e1 na z\u00edskanie praktick\u00fdch zru\u010dnost\u00ed pre vykon\u00e1vanie pr\u00e1c pri pr\u00edprave jed\u00e1l. Odborn\u00fa prax vykon\u00e1vaj\u00fa v\u00a0priestoroch \u0161kolsk\u00fdch jed\u00e1ln\u00ed Strednej odbornej \u0161koly obchodu a slu\u017eieb Martin a Gymn\u00e1ziu J. Lettricha Martin. \u017diaci sa pod odborn\u00fdm veden\u00edm svojich majstrov z\u00fa\u010dast\u0148uj\u00fa celoslovenskej s\u00fa\u0165a\u017ee zru\u010dnosti odborn\u00fdch u\u010dil\u00ed\u0161\u0165.<\/p>\n<p style=\"text-align: justify; padding-left: 30px;\">\u00a0\u00a0\u00a0\u00a0 Pod\u013ea stup\u0148a zvl\u00e1dnutia pr\u00edslu\u0161n\u00fdch vzdel\u00e1vac\u00edch \u0161tandardov a\u00a0posudzovania kvalifik\u00e1cie sa \u017eiaci vyu\u010dia a\u00a0dokladom o\u00a0vzdelan\u00ed a\u00a0odbornej kvalifik\u00e1ci\u00ed je vysved\u010denie o\u00a0z\u00e1vere\u010dnej sk\u00fa\u0161ke a\u00a0v\u00fdu\u010dn\u00fd list.<\/p>\n\n\n<div class=\"wp-block-group has-background\" style=\"background-color:#fef0fe\"><div class=\"wp-block-group__inner-container is-layout-flow wp-block-group-is-layout-flow\">\n<p><\/p>\n\n\n\n<h2 class=\"has-text-align-center has-large-font-size wp-block-heading\">1990-2020<\/h2>\n\n\n\n<h2 class=\"has-large-font-size wp-block-heading\">30.v\u00fdro\u010die zalo\u017eenia Odborn\u00e9ho u\u010dili\u0161\u0165a Martin<\/h2>\n\n\n\n<div class=\"wp-block-image is-style-rounded\"><figure class=\"alignright size-large is-resized\"><img loading=\"lazy\" decoding=\"async\" src=\"http:\/\/www.oumt.sk\/wp-content\/uploads\/2021\/01\/logo.png\" alt=\"\" class=\"wp-image-1254\" width=\"152\" height=\"121\"\/><\/figure><\/div>\n\n\n\n<p><strong>Z hist\u00f3rie<\/strong><\/p>\n\n\n\n<p>Odborn\u00e9 u\u010dili\u0161te Martin za\u010dalo svoju \u010dinnos\u0165 <strong>1. septembra 1990<\/strong>. Vzniklo na z\u00e1klade potreby zabezpe\u010denia odbornej pr\u00edpravy absolventov \u0161peci\u00e1lnych z\u00e1kladn\u00fdch \u0161k\u00f4l v&nbsp;okrese Martin.<\/p>\n\n\n\n<p>Bolo zriaden\u00e9 ako trojro\u010dn\u00fd u\u010debn\u00fd obor Obchodn\u00e1 prev\u00e1dzka \u2013 pr\u00e1ca pri pr\u00edprave jed\u00e1l. Po organiza\u010dnej str\u00e1nke bolo pri\u010dlenen\u00e9 k&nbsp;vtedaj\u0161iemu Stredn\u00e9mu odborn\u00e9mu u\u010dili\u0161\u0165u slu\u017eieb Martin, dnes SO\u0160 obchodu a&nbsp;slu\u017eieb Martin. Prv\u00fdm riadite\u013eom, ktor\u00fd st\u00e1l pri jeho zrode, bol \u013dudov\u00edt Lettrich, neskor\u0161\u00edmi Mgr. Ladislav B\u00edro a&nbsp;PhDr. Jela Malkov\u00e1.<\/p>\n\n\n\n<p>V&nbsp;\u0161kolskom roku 1990\/91 bola otvoren\u00e1 jedna trieda so 14 \u017eiakmi.<\/p>\n\n\n\n<p>Od roku 2012 \u0161kola vyu\u017e\u00edva priestory elokovan\u00e9ho pracoviska, kde m\u00e1 administrat\u00edvnu \u010das\u0165 a\u00a0priestory odborn\u00e9ho v\u00fdcviku.<\/p>\n\n\n\n<p><strong>S\u00fa\u010dasnos\u0165<\/strong><\/p>\n\n\n\n<figure class=\"wp-block-gallery columns-1 is-cropped wp-block-gallery-1 is-layout-flex wp-block-gallery-is-layout-flex\"><ul class=\"blocks-gallery-grid\"><li class=\"blocks-gallery-item\"><figure><img loading=\"lazy\" decoding=\"async\" width=\"2560\" height=\"1702\" src=\"http:\/\/www.oumt.sk\/wp-content\/uploads\/2021\/01\/DSC_0207-scaled.jpg\" alt=\"\" data-id=\"1252\" data-full-url=\"http:\/\/www.oumt.sk\/wp-content\/uploads\/2021\/01\/DSC_0207-scaled.jpg\" data-link=\"http:\/\/www.oumt.sk\/?attachment_id=1252\" class=\"wp-image-1252\" srcset=\"https:\/\/www.oumt.sk\/wp-content\/uploads\/2021\/01\/DSC_0207-scaled.jpg 2560w, https:\/\/www.oumt.sk\/wp-content\/uploads\/2021\/01\/DSC_0207-300x199.jpg 300w, https:\/\/www.oumt.sk\/wp-content\/uploads\/2021\/01\/DSC_0207-1024x681.jpg 1024w, https:\/\/www.oumt.sk\/wp-content\/uploads\/2021\/01\/DSC_0207-768x511.jpg 768w, https:\/\/www.oumt.sk\/wp-content\/uploads\/2021\/01\/DSC_0207-1536x1021.jpg 1536w, https:\/\/www.oumt.sk\/wp-content\/uploads\/2021\/01\/DSC_0207-2048x1362.jpg 2048w, https:\/\/www.oumt.sk\/wp-content\/uploads\/2021\/01\/DSC_0207-451x300.jpg 451w\" sizes=\"auto, (max-width: 2560px) 100vw, 2560px\" \/><\/figure><\/li><\/ul><\/figure>\n\n\n\n<ul class=\"wp-block-list\"><li><strong>\u0160kola m\u00e1 17 zamestnancov, <\/strong>z&nbsp;toho 3 na pln\u00fd \u00fav\u00e4zok<strong>. <\/strong><strong><\/strong><\/li><li>V&nbsp;tomto \u0161kolskom roku nav\u0161tevuje \u0161kolu v troch triedach 38 \u017eiakov, z&nbsp;toho 11 \u017eiakov v&nbsp;\u00daVT pre mladistv\u00fdch Su\u010dany.<\/li><li><strong>Odborn\u00fd v\u00fdcvik<\/strong> pod veden\u00edm MOV Zdenky Ki\u0161\u0161ovej, Bc. Ivety Laukovej, Mgr. Jany Podhradskej a&nbsp;Janky Potiskovej \u017eiaci vykon\u00e1vaj\u00fa vo vlastnej cvi\u010dnej kuchynke, stravovacom zariaden\u00ed SO\u0160 obchodu a&nbsp;slu\u017eieb Martin a&nbsp;\u0161kolskej jed\u00e1lni Gymn\u00e1zia Jozefa Lettricha Martin.<\/li><li>Na <strong>teoretick\u00e9 vyu\u010dovanie<\/strong> od svojho vzniku priestorovo, materi\u00e1lno-technicky i&nbsp;person\u00e1lne vyu\u017e\u00edva SO\u0160 obchodu a&nbsp;slu\u017eieb Martin. V\u00fduka je integr\u00e1lnou s\u00fa\u010das\u0165ou vyu\u010dovacieho procesu SO\u0160 obchodu a&nbsp;slu\u017eieb, \u017eiaci tvoria spolo\u010dn\u00fd kolekt\u00edv a&nbsp;zap\u00e1jaj\u00fa sa do v\u0161etk\u00fdch celo\u0161kolsk\u00fdch podujat\u00ed.<\/li><li>Od \u0161kolsk\u00e9ho roku 2017\/18 je Odborn\u00e9 u\u010dili\u0161te nosite\u013eom titulu <strong>\u0160kola priate\u013esk\u00e1 k&nbsp;de\u0165om.<\/strong><\/li><li>\u017diaci sa prezentuj\u00fa na ka\u017edoro\u010dnom podujat\u00ed d\u0148a otvoren\u00fdch dver\u00ed<strong> &nbsp;&nbsp;&nbsp;\u201eUk\u00e1\u017eme, \u010do vieme\u201c.<\/strong><\/li><li>\u0160kola sa tradi\u010dne prezentuje na podujat\u00ed Okresn\u00e9ho \u00daradu v&nbsp;\u017diline \u2013 v\u00fdstave &nbsp;<strong>Slnko v du\u0161i<\/strong>.<\/li><li>\u017diaci sa z\u00fa\u010dast\u0148uj\u00fa odborn\u00fdch s\u00fa\u0165a\u017e\u00ed, v&nbsp;\u0161kolskom roku 2019\/2020 obsadili v <strong>celoslovenskej s\u00fa\u0165a\u017ei 4. miesto<\/strong>.<\/li><li>Priebe\u017ene sa modernizuje vybavenie u\u010debn\u00ed.<\/li><li>Na moderniz\u00e1ciu vyu\u010dovacieho procesu v&nbsp;tomto \u0161kolskom roku pribudlo 8 po\u010d\u00edta\u010dov a&nbsp;5 tabletov.<\/li><li>\u0160kolsk\u00e1 agenda prech\u00e1dza na syst\u00e9m <strong>EduPage<\/strong>.<\/li><li>\u017diaci sa zap\u00e1jaj\u00fa do di\u0161tan\u010dn\u00e9ho <strong>online vzdel\u00e1vania<\/strong> po\u010das preru\u0161enia vyu\u010dovania.<\/li><li>\u0160kola sa zapojila do projektu <strong>Podpora digit\u00e1lnych zru\u010dnost\u00ed pedag\u00f3gov a&nbsp;\u017eiakov.<\/strong><\/li><\/ul>\n\n\n\n<p>\u00darove\u0148 spolo\u010dnosti sa pozn\u00e1 pod\u013ea toho, ako dok\u00e1\u017ee pom\u00e1ha\u0165 najslab\u0161\u00edm.<\/p>\n\n\n\n<p>30 ro\u010dn\u00e1 vz\u00e1jomn\u00e1 koexistencia SO\u0160 obchodu a&nbsp;slu\u017eieb a&nbsp;Odborn\u00e9ho u\u010dili\u0161\u0165a je kr\u00e1snym pr\u00edkladom prijatia znev\u00fdhodnen\u00fdch det\u00ed, kr\u00e1snym pr\u00edkladom inkl\u00fazie, po ktorej vol\u00e1 s\u00fa\u010dasn\u00e1 spolo\u010dnos\u0165.<\/p>\n\n\n\n<p>Ve\u013ek\u00e1 v\u010faka patr\u00ed v\u0161etk\u00fdm, ktor\u00ed za 30 rokov \u017eiakom Odborn\u00e9ho u\u010dili\u0161\u0165a pom\u00e1hali a&nbsp;pom\u00e1haj\u00fa.<\/p>\n\n\n\n<p class=\"has-text-align-right\"><strong>Mgr. Anna Mach\u00e1\u010dkov\u00e1<\/strong><\/p>\n\n\n\n<p class=\"has-text-align-right\"><strong>&nbsp;riadite\u013eka OU<\/strong><\/p>\n<\/div><\/div>\n\n\n\n<p><\/p>\n","protected":false},"excerpt":{"rendered":"<p>\u00a0\u00a0\u00a0\u00a0 Odborn\u00e9 u\u010dili\u0161te za\u010dalo svoju \u010dinnos\u0165 v\u00a0\u0161kolskom roku 1990\/1991. Vzniklo na podnet spolo\u010denskej po\u017eiadavky v na\u0161om meste a jeho okol\u00ed. \u017diaci sa pripravuj\u00fa v trojro\u010dnom u\u010debnom odbore obchodn\u00e1 prev\u00e1dzka- pr\u00e1ca pri pr\u00edprave jed\u00e1l. Pr\u00edprava \u017eiakov je zameran\u00e1 na z\u00edskanie praktick\u00fdch &hellip; <a href=\"https:\/\/www.oumt.sk\/?page_id=108\">Pokra\u010dova\u0165 v \u010d\u00edtan\u00ed <span class=\"meta-nav\">&rarr;<\/span><\/a><\/p>\n","protected":false},"author":1,"featured_media":0,"parent":0,"menu_order":0,"comment_status":"closed","ping_status":"closed","template":"","meta":{"footnotes":""},"class_list":["post-108","page","type-page","status-publish","hentry"],"_links":{"self":[{"href":"https:\/\/www.oumt.sk\/index.php?rest_route=\/wp\/v2\/pages\/108","targetHints":{"allow":["GET"]}}],"collection":[{"href":"https:\/\/www.oumt.sk\/index.php?rest_route=\/wp\/v2\/pages"}],"about":[{"href":"https:\/\/www.oumt.sk\/index.php?rest_route=\/wp\/v2\/types\/page"}],"author":[{"embeddable":true,"href":"https:\/\/www.oumt.sk\/index.php?rest_route=\/wp\/v2\/users\/1"}],"replies":[{"embeddable":true,"href":"https:\/\/www.oumt.sk\/index.php?rest_route=%2Fwp%2Fv2%2Fcomments&post=108"}],"version-history":[{"count":9,"href":"https:\/\/www.oumt.sk\/index.php?rest_route=\/wp\/v2\/pages\/108\/revisions"}],"predecessor-version":[{"id":1255,"href":"https:\/\/www.oumt.sk\/index.php?rest_route=\/wp\/v2\/pages\/108\/revisions\/1255"}],"wp:attachment":[{"href":"https:\/\/www.oumt.sk\/index.php?rest_route=%2Fwp%2Fv2%2Fmedia&parent=108"}],"curies":[{"name":"wp","href":"https:\/\/api.w.org\/{rel}","templated":true}]}}