{"id":1459,"date":"2021-03-22T16:55:55","date_gmt":"2021-03-22T15:55:55","guid":{"rendered":"http:\/\/www.oumt.sk\/?page_id=1459"},"modified":"2021-03-22T16:57:24","modified_gmt":"2021-03-22T15:57:24","slug":"2-z-dane","status":"publish","type":"page","link":"https:\/\/www.oumt.sk\/?page_id=1459","title":{"rendered":"2% z dane"},"content":{"rendered":"\n<p>V\u00e1\u017een\u00ed rodi\u010dia a priaznivci \u0161koly!<\/p>\n\n\n\n<p>V pr\u00edpade, \u017ee ste naklonen\u00ed poskytn\u00fa\u0165 2% z dan\u00ed na podporu \u017eiakov Odborn\u00e9ho u\u010dili\u0161\u0165a Martin,<a href=\"http:\/\/www.oumt.sk\/wp-content\/uploads\/2021\/03\/Vyhlasenie_2020.pdf\" target=\"_blank\" rel=\"noreferrer noopener\">&nbsp;tu si m\u00f4\u017eete stiahnu\u0165 tla\u010divo<\/a>.<\/p>\n\n\n\n<p>V pr\u00edpade ot\u00e1zok kontaktujte riadite\u013eku \u0161koly, majsterky odborn\u00e9ho v\u00fdcviku alebo triednych u\u010dite\u013eov.<\/p>\n\n\n\n<p>\u010eakujeme za ka\u017ed\u00fd pr\u00edspevok!<\/p>\n","protected":false},"excerpt":{"rendered":"<p>V\u00e1\u017een\u00ed rodi\u010dia a priaznivci \u0161koly! V pr\u00edpade, \u017ee ste naklonen\u00ed poskytn\u00fa\u0165 2% z dan\u00ed na podporu \u017eiakov Odborn\u00e9ho u\u010dili\u0161\u0165a Martin,&nbsp;tu si m\u00f4\u017eete stiahnu\u0165 tla\u010divo. V pr\u00edpade ot\u00e1zok kontaktujte riadite\u013eku \u0161koly, majsterky odborn\u00e9ho v\u00fdcviku alebo triednych u\u010dite\u013eov. \u010eakujeme za ka\u017ed\u00fd pr\u00edspevok!<\/p>\n","protected":false},"author":1,"featured_media":0,"parent":0,"menu_order":0,"comment_status":"closed","ping_status":"closed","template":"","meta":{"footnotes":""},"class_list":["post-1459","page","type-page","status-publish","hentry"],"_links":{"self":[{"href":"https:\/\/www.oumt.sk\/index.php?rest_route=\/wp\/v2\/pages\/1459","targetHints":{"allow":["GET"]}}],"collection":[{"href":"https:\/\/www.oumt.sk\/index.php?rest_route=\/wp\/v2\/pages"}],"about":[{"href":"https:\/\/www.oumt.sk\/index.php?rest_route=\/wp\/v2\/types\/page"}],"author":[{"embeddable":true,"href":"https:\/\/www.oumt.sk\/index.php?rest_route=\/wp\/v2\/users\/1"}],"replies":[{"embeddable":true,"href":"https:\/\/www.oumt.sk\/index.php?rest_route=%2Fwp%2Fv2%2Fcomments&post=1459"}],"version-history":[{"count":3,"href":"https:\/\/www.oumt.sk\/index.php?rest_route=\/wp\/v2\/pages\/1459\/revisions"}],"predecessor-version":[{"id":1463,"href":"https:\/\/www.oumt.sk\/index.php?rest_route=\/wp\/v2\/pages\/1459\/revisions\/1463"}],"wp:attachment":[{"href":"https:\/\/www.oumt.sk\/index.php?rest_route=%2Fwp%2Fv2%2Fmedia&parent=1459"}],"curies":[{"name":"wp","href":"https:\/\/api.w.org\/{rel}","templated":true}]}}