{"id":181,"date":"2016-02-22T13:53:49","date_gmt":"2016-02-22T12:53:49","guid":{"rendered":"http:\/\/www.oumt.sk\/?page_id=181"},"modified":"2025-01-09T13:21:53","modified_gmt":"2025-01-09T12:21:53","slug":"zverejnovanie","status":"publish","type":"page","link":"https:\/\/www.oumt.sk\/?page_id=181","title":{"rendered":"Zverej\u0148ovanie"},"content":{"rendered":"\n<div class=\"wp-block-group\"><div class=\"wp-block-group__inner-container is-layout-flow wp-block-group-is-layout-flow\">\n<div class=\"wp-block-group\"><div class=\"wp-block-group__inner-container is-layout-flow wp-block-group-is-layout-flow\">\n<p><strong>Aktu\u00e1ln\u00e9 zverej\u0148ovanie:<\/strong><br>\n<a rel=\"noopener noreferrer\" href=\"https:\/\/docs.google.com\/spreadsheets\/d\/18ewyfwr2Hj7fYSi9LaX4ly2CqeUKytd2BZYiPIZcnCc\/edit?usp=sharing\" target=\"_blank\">Objedn\u00e1vky, Fakt\u00fary &#8230;<\/a>\n<br>\n<a rel=\"noopener noreferrer\" href=\"https:\/\/www.crz.gov.sk\/2171273-sk\/centralny-register-zmluv\/?art_zs2=&amp;art_predmet=&amp;art_ico=&amp;art_suma_spolu_od=&amp;art_suma_spolu_do=&amp;art_datum_zverejnene_od=&amp;art_datum_zverejnene_do=&amp;art_rezort=0&amp;art_zs1=&amp;nazov=&amp;art_ico1=36133442&amp;ID=2171273&amp;odoslat=Vyh%C4%BEada%C5%A5&amp;frm_id_frm_filter_3=5f8c54b99fe53\n\/\" target=\"_blank\">Zmluvy v CRZ<\/a><\/p>\n\n\n\n<p><strong>Zverej\u0148ovanie do konca roka 2015:<\/strong><br><a rel=\"noopener noreferrer\" href=\"http:\/\/zverejnovanie.oumt.sk\/\" target=\"_blank\">Zverej\u0148ovanie do konca roka 2015<\/a><\/p>\n\n\n\n<h2 class=\"wp-block-heading\"><strong>Spr\u00e1va o v\u00fdchovno-vzdel\u00e1vacej \u010dinnosti:<\/strong><\/h2>\n\n\n\n<p><a href=\"http:\/\/www.oumt.sk\/wp-content\/uploads\/2025\/01\/VYHODNOCOVACIA-SPRAVA-SKOLY-2023-24-1.pdf\" target=\"_blank\" rel=\"noreferrer noopener\">Spr\u00e1va o v\u00fdchovno-vzdel\u00e1vacej \u010dinnosti za \u0161k. rok 2023\/24<\/a><\/p>\n\n\n\n<p><a href=\"http:\/\/www.oumt.sk\/wp-content\/uploads\/2024\/01\/VYHODNOCOVACIA-SPRAVA-SKOLY-2022-23.pdf\" target=\"_blank\" rel=\"noreferrer noopener\"><input type=\"button\" value=\"Spr\u00e1va o v\u00fdchovno-vzdel\u00e1vacej \u010dinnosti za \u0161k. rok 2022\/2023\"><\/a><\/p>\n\n\n\n<p><a href=\"http:\/\/www.oumt.sk\/wp-content\/uploads\/2024\/01\/VYHODNOCOVACIA-SPRAVA-SKOLY-2021-22.pdf\" target=\"_blank\" rel=\"noreferrer noopener\"><input type=\"button\" value=\"Spr\u00e1va o v\u00fdchovno-vzdel\u00e1vacej \u010dinnosti za \u0161k. rok 2021\/2022\"><\/a><\/p>\n\n\n\n<p><a href=\"http:\/\/www.oumt.sk\/wp-content\/uploads\/2022\/01\/VYHODNOCOVACIA-SPRAVA-SKOLY-2020-21.pdf\" target=\"_blank\" rel=\"noreferrer noopener\"><input type=\"button\" value=\"Spr\u00e1va o v\u00fdchovno-vzdel\u00e1vacej \u010dinnosti za \u0161k. rok 2020\/2021\"><\/a><\/p>\n\n\n\n<p><a rel=\"noopener noreferrer\" href=\"http:\/\/www.oumt.sk\/wp-content\/uploads\/2021\/01\/VYHODNOCOVACIA-SPRAVA-SKOLY-2019-20.pdf\" target=\"_blank\"><input type=\"button\" value=\"Spr\u00e1va o v\u00fdchovno-vzdel\u00e1vacej \u010dinnosti za \u0161k. rok 2019\/2020\"><\/a><\/p>\n\n\n\n<p><a rel=\"noopener noreferrer\" href=\"http:\/\/www.oumt.sk\/wp-content\/uploads\/2020\/01\/VYHODNOCOVACIA-SPRAVA-SKOLY-2018-19.pdf\" target=\"_blank\"><input type=\"button\" value=\"Spr\u00e1va o v\u00fdchovno-vzdel\u00e1vacej \u010dinnosti za \u0161k. rok 2018\/2019\"><\/a><\/p>\n\n\n\n<p><a rel=\"noopener noreferrer\" href=\"http:\/\/www.oumt.sk\/wp-content\/uploads\/2019\/01\/VYHODNOCOVACIA_SPRAVA_SKOLY_2017-18.pdf\" target=\"_blank\"><input type=\"button\" value=\"Spr\u00e1va o v\u00fdchovno-vzdel\u00e1vacej \u010dinnosti za \u0161k. rok 2017\/2018\"><\/a><\/p>\n\n\n\n<p><a rel=\"noopener noreferrer\" href=\"http:\/\/www.oumt.sk\/data\/vyhodnocovacie_spravy\/VS_2015-2016.pdf\" target=\"_blank\"><input type=\"button\" value=\"Spr\u00e1va o v\u00fdchovno-vzdel\u00e1vacej \u010dinnosti za \u0161k. rok 2015\/2016\"><\/a><\/p>\n\n\n\n<p><a rel=\"noopener noreferrer\" href=\"http:\/\/www.oumt.sk\/data\/vyhodnocovacie_spravy\/VS_2014-2015.pdf\" target=\"_blank\"><input type=\"button\" value=\"Spr\u00e1va o v\u00fdchovno-vzdel\u00e1vacej \u010dinnosti za \u0161k. rok 2014\/2015\"><\/a><\/p>\n\n\n\n<p><a rel=\"noopener noreferrer\" href=\"http:\/\/www.oumt.sk\/data\/vyhodnocovacie_spravy\/VS_2013-2014.pdf\" target=\"_blank\"><input type=\"button\" value=\"Spr\u00e1va o v\u00fdchovno-vzdel\u00e1vacej \u010dinnosti za \u0161k. rok 2013\/2014\"><\/a><\/p>\n\n\n\n<h2 class=\"wp-block-heading\"><strong>Spr\u00e1va o hospod\u00e1ren\u00ed OU Martin:<\/strong><\/h2>\n\n\n\n<p><a rel=\"noopener noreferrer\" href=\"http:\/\/www.oumt.sk\/data\/sprava_o_hospodareni_OU_Martin_2015.pdf\" target=\"_blank\"><input type=\"button\" value=\" Spr\u00e1va o hospod\u00e1ren\u00ed OU Martin rok 2015\"><\/a><\/p>\n\n\n\n<h2 class=\"wp-block-heading\"><strong>Smernice:<\/strong><\/h2>\n\n\n\n<p><a rel=\"noopener noreferrer\" href=\"http:\/\/www.oumt.sk\/data\/Smernica_FK_2020.pdf\" target=\"_blank\"><input type=\"button\" value=\"Smernica na zabezpe\u010denie vykon\u00e1vania finan\u010dnej kontroly\"><\/a><\/p>\n\n\n\n<p><a rel=\"noopener noreferrer\" href=\"http:\/\/www.oumt.sk\/data\/Smernica_staznosti_2020.pdf\" target=\"_blank\"><input type=\"button\" value=\"Smernica na vybavovanie s\u0165a\u017enost\u00ed\"><\/a><\/p>\n<\/div><\/div>\n\n\n\n<p><\/p>\n<\/div><\/div>\n\n\n\n<p><\/p>\n","protected":false},"excerpt":{"rendered":"<p>Aktu\u00e1ln\u00e9 zverej\u0148ovanie: Objedn\u00e1vky, Fakt\u00fary &#8230; Zmluvy v CRZ Zverej\u0148ovanie do konca roka 2015:Zverej\u0148ovanie do konca roka 2015 Spr\u00e1va o v\u00fdchovno-vzdel\u00e1vacej \u010dinnosti: Spr\u00e1va o v\u00fdchovno-vzdel\u00e1vacej \u010dinnosti za \u0161k. rok 2023\/24 Spr\u00e1va o hospod\u00e1ren\u00ed OU Martin: Smernice:<\/p>\n","protected":false},"author":1,"featured_media":0,"parent":0,"menu_order":0,"comment_status":"closed","ping_status":"closed","template":"","meta":{"footnotes":""},"class_list":["post-181","page","type-page","status-publish","hentry"],"_links":{"self":[{"href":"https:\/\/www.oumt.sk\/index.php?rest_route=\/wp\/v2\/pages\/181","targetHints":{"allow":["GET"]}}],"collection":[{"href":"https:\/\/www.oumt.sk\/index.php?rest_route=\/wp\/v2\/pages"}],"about":[{"href":"https:\/\/www.oumt.sk\/index.php?rest_route=\/wp\/v2\/types\/page"}],"author":[{"embeddable":true,"href":"https:\/\/www.oumt.sk\/index.php?rest_route=\/wp\/v2\/users\/1"}],"replies":[{"embeddable":true,"href":"https:\/\/www.oumt.sk\/index.php?rest_route=%2Fwp%2Fv2%2Fcomments&post=181"}],"version-history":[{"count":45,"href":"https:\/\/www.oumt.sk\/index.php?rest_route=\/wp\/v2\/pages\/181\/revisions"}],"predecessor-version":[{"id":2104,"href":"https:\/\/www.oumt.sk\/index.php?rest_route=\/wp\/v2\/pages\/181\/revisions\/2104"}],"wp:attachment":[{"href":"https:\/\/www.oumt.sk\/index.php?rest_route=%2Fwp%2Fv2%2Fmedia&parent=181"}],"curies":[{"name":"wp","href":"https:\/\/api.w.org\/{rel}","templated":true}]}}