{"id":604,"date":"2020-03-25T14:00:57","date_gmt":"2020-03-25T13:00:57","guid":{"rendered":"http:\/\/www.oumt.sk\/?page_id=604"},"modified":"2021-01-11T15:32:45","modified_gmt":"2021-01-11T14:32:45","slug":"studijne-materialy-pre-ziakov","status":"publish","type":"page","link":"https:\/\/www.oumt.sk\/?page_id=604","title":{"rendered":"\u0160TUDIJN\u00c9 MATERI\u00c1LY PRE \u017dIAKOV"},"content":{"rendered":"<p>Mil\u00ed \u017eiaci, Va\u0161i u\u010ditelia V\u00e1m pripravili po\u010das preru\u0161enia vyu\u010dovania \u0161tudijn\u00e9 materi\u00e1ly. Postupne s nimi pracujte, robte si pozn\u00e1mky a vypracov\u00e1vajte \u00falohy. V\u0161etko po n\u00e1vrate do \u0161koly s u\u010dite\u013emi preopakujete a skontrolujete. V\u0161etk\u00fdm V\u00e1m prajeme hodne \u00faspechov pri \u0161tudovan\u00ed a hlavne ve\u013ea, ve\u013ea zdravia.<\/p>\n\n\n<div class=\"wp-block-group\"><div class=\"wp-block-group__inner-container is-layout-flow wp-block-group-is-layout-flow\">\n<div class=\"wp-block-group is-layout-flow wp-block-group-is-layout-flow\"><div class=\"wp-block-group__inner-container\"><\/div><\/div>\n<\/div><\/div>\n\n\n\n<p><a href=\"http:\/\/www.oumt.sk\/?page_id=610\">1.ro\u010dn\u00edk<\/a><\/p>\n\n\n\n<p><a href=\"http:\/\/www.oumt.sk\/?page_id=614\">2.ro\u010dn\u00edk<\/a><\/p>\n\n\n\n<p><a href=\"http:\/\/www.oumt.sk\/?page_id=617\">3.ro\u010dn\u00edk<\/a><\/p>\n","protected":false},"excerpt":{"rendered":"<p>Mil\u00ed \u017eiaci, Va\u0161i u\u010ditelia V\u00e1m pripravili po\u010das preru\u0161enia vyu\u010dovania \u0161tudijn\u00e9 materi\u00e1ly. Postupne s nimi pracujte, robte si pozn\u00e1mky a vypracov\u00e1vajte \u00falohy. V\u0161etko po n\u00e1vrate do \u0161koly s u\u010dite\u013emi preopakujete a skontrolujete. V\u0161etk\u00fdm V\u00e1m prajeme hodne \u00faspechov pri \u0161tudovan\u00ed a hlavne &hellip; <a href=\"https:\/\/www.oumt.sk\/?page_id=604\">Pokra\u010dova\u0165 v \u010d\u00edtan\u00ed <span class=\"meta-nav\">&rarr;<\/span><\/a><\/p>\n","protected":false},"author":1,"featured_media":0,"parent":0,"menu_order":0,"comment_status":"closed","ping_status":"closed","template":"","meta":{"footnotes":""},"class_list":["post-604","page","type-page","status-publish","hentry"],"_links":{"self":[{"href":"https:\/\/www.oumt.sk\/index.php?rest_route=\/wp\/v2\/pages\/604","targetHints":{"allow":["GET"]}}],"collection":[{"href":"https:\/\/www.oumt.sk\/index.php?rest_route=\/wp\/v2\/pages"}],"about":[{"href":"https:\/\/www.oumt.sk\/index.php?rest_route=\/wp\/v2\/types\/page"}],"author":[{"embeddable":true,"href":"https:\/\/www.oumt.sk\/index.php?rest_route=\/wp\/v2\/users\/1"}],"replies":[{"embeddable":true,"href":"https:\/\/www.oumt.sk\/index.php?rest_route=%2Fwp%2Fv2%2Fcomments&post=604"}],"version-history":[{"count":10,"href":"https:\/\/www.oumt.sk\/index.php?rest_route=\/wp\/v2\/pages\/604\/revisions"}],"predecessor-version":[{"id":1135,"href":"https:\/\/www.oumt.sk\/index.php?rest_route=\/wp\/v2\/pages\/604\/revisions\/1135"}],"wp:attachment":[{"href":"https:\/\/www.oumt.sk\/index.php?rest_route=%2Fwp%2Fv2%2Fmedia&parent=604"}],"curies":[{"name":"wp","href":"https:\/\/api.w.org\/{rel}","templated":true}]}}